{"id":810,"date":"2017-08-01T12:13:18","date_gmt":"2017-08-01T12:13:18","guid":{"rendered":"https:\/\/archimedean.fr\/contact-2\/"},"modified":"2023-07-24T21:18:35","modified_gmt":"2023-07-24T21:18:35","slug":"contact","status":"publish","type":"page","link":"https:\/\/archimedean.fr\/fr\/contact\/","title":{"rendered":"Contact"},"content":{"rendered":"\n\n\t<h1>\n\t\t\t\t\tContact\n\t\t\t\t<\/h1>\n\n\t<ul>\n\t\t<li>\t\t\t\t\n\t\t<h3>Courrier:<\/h3><\/li>\t<\/ul>\n\tAddress : 40 rue Alexandre Dumas, Paris<br \/>\nEmail : contact@archimedean.fr\n\t<ul>\n\t\t<li>\t\t\t\t\n\t\t<h3>Horaire de travail<\/h3><\/li>\t<\/ul>\n\t<p>Du lundi au vendredi: 09H00 &#8211; 12H00 ; 14H00 &#8211; 18H00<\/p>\n\t<h2>\n\t\t\t\t\tPrendre un rendez-vous\n\t\t\t\t<\/h2>\n\t<h4>\n\t\t\t\t\tAppuyez pour \u00eatre redirig\u00e9 vers notre calendrier \n\t\t\t\t<\/h4>\n\t\t\t<a href=\"https:\/\/archimedean.fr\/appointment\/\" target=\"_blank\" role=\"button\" rel=\"noopener\">\n\t\t\t\t\t\tPrendre RDV\n\t\t<\/a>\n\t<h4>\n\t\t\t\t\tOU\n\t\t\t\t<\/h4>\n\n\t<h2>\n\t\t\t\t\tEnvoyer un message\n\t\t\t\t<\/h2>\n\t<h4>\n\t\t\t\t\tNous devrions \u00eatre en mesure de vous r\u00e9pondre dans les 24 heures\n\t\t\t\t<\/h4>\n\t<div class=\"wpforms-container \" id=\"wpforms-28\"><form id=\"wpforms-form-28\" class=\"wpforms-validate wpforms-form\" data-formid=\"28\" method=\"post\" enctype=\"multipart\/form-data\" action=\"\/fr\/wp-json\/wp\/v2\/pages\/810\" data-token=\"91fa4909d6fc90a6b2e78ddeb8c30c8c\" data-token-time=\"1776476852\"><noscript class=\"wpforms-error-noscript\">Veuillez activer JavaScript dans votre navigateur pour remplir ce formulaire.<\/noscript><div class=\"wpforms-field-container\"><div id=\"wpforms-28-field_0-container\" class=\"wpforms-field wpforms-field-name\" data-field-id=\"0\"><label class=\"wpforms-field-label wpforms-label-hide\" for=\"wpforms-28-field_0\">Nom<\/label><input type=\"text\" id=\"wpforms-28-field_0\" class=\"wpforms-field-large\" name=\"wpforms[fields][0]\" placeholder=\"Votre nom\" ><\/div><div id=\"wpforms-28-field_1-container\" class=\"wpforms-field wpforms-field-email\" data-field-id=\"1\"><label class=\"wpforms-field-label wpforms-label-hide\" for=\"wpforms-28-field_1\">Courrier \u00e9lectronique <span class=\"wpforms-required-label\">*<\/span><\/label><input type=\"email\" id=\"wpforms-28-field_1\" class=\"wpforms-field-large wpforms-field-required\" name=\"wpforms[fields][1]\" placeholder=\"Votre email\" spellcheck=\"false\" required><\/div><div id=\"wpforms-28-field_3-container\" class=\"wpforms-field wpforms-field-text\" data-field-id=\"3\"><label class=\"wpforms-field-label wpforms-label-hide\" for=\"wpforms-28-field_3\">Num\u00e9ro de t\u00e9l\u00e9phone<\/label><input type=\"text\" id=\"wpforms-28-field_3\" class=\"wpforms-field-large\" name=\"wpforms[fields][3]\" placeholder=\"Votre t\u00e9l\u00e9phone (n&#039;oubliez pas l&#039;identifiant du pays si le num\u00e9ro n&#039;est pas fran\u00e7ais)\" ><\/div><div id=\"wpforms-28-field_2-container\" class=\"wpforms-field wpforms-field-textarea\" data-field-id=\"2\"><label class=\"wpforms-field-label wpforms-label-hide\" for=\"wpforms-28-field_2\">Message <span class=\"wpforms-required-label\">*<\/span><\/label><textarea id=\"wpforms-28-field_2\" class=\"wpforms-field-large wpforms-field-required\" name=\"wpforms[fields][2]\" placeholder=\"R\u00e9digez votre message\" required><\/textarea><\/div><\/div><!-- .wpforms-field-container --><div class=\"wpforms-field wpforms-field-hp\"><label for=\"wpforms-28-field-hp\" class=\"wpforms-field-label\">Phone<\/label><input type=\"text\" name=\"wpforms[hp]\" id=\"wpforms-28-field-hp\" class=\"wpforms-field-medium\"><\/div><div class=\"wpforms-submit-container\" ><input type=\"hidden\" name=\"wpforms[id]\" value=\"28\"><input type=\"hidden\" name=\"page_title\" value=\"\"><input type=\"hidden\" name=\"page_url\" value=\"https:\/\/archimedean.fr\/fr\/wp-json\/wp\/v2\/pages\/810\"><input type=\"hidden\" name=\"url_referer\" value=\"\"><button type=\"submit\" name=\"wpforms[submit]\" id=\"wpforms-submit-28\" class=\"wpforms-submit\" data-alt-text=\"Envoi en cours\" data-submit-text=\"Envoyer\" aria-live=\"assertive\" value=\"wpforms-submit\">Envoyer<\/button><\/div><\/form><\/div>  <!-- .wpforms-container -->\n\t<style>\n  .google-maps {\n    position: relative;\n    padding-bottom: 35%; \/\/ This is the aspect ratio\n    height: 0;\n    overflow: hidden;\n  }\n  .google-maps iframe {\n    position: absolute;\n    top: 0;\n    left: 0;\n    width: 100% !important;\n    height: 100% !important;\n  }\n<\/style>\n  <iframe\n    src=\"https:\/\/www.google.com\/maps\/embed?pb=!1m18!1m12!1m3!1d2625.240816944046!2d2.391042215087226!3d48.853618108997736!2m3!1f0!2f0!3f0!3m2!1i1024!2i768!4f13.1!3m3!1m2!1s0x47e67275b91fc43b%3A0x4447ab83643bf9be!2s40%20Rue%20Alexandre%20Dumas%2C%2075011%20Paris!5e0!3m2!1sfr!2sfr!4v1670497420689!5m2!1sfr!2sfr\"\n    width=\"600\"\n    height=\"450\"\n    allowfullscreen=\"\"\n    loading=\"lazy\"><\/iframe>\n\n","protected":false},"excerpt":{"rendered":"<p>Contact Courrier: Address : 40 rue Alexandre Dumas, Paris Email : contact@archimedean.fr Horaire de travail Du lundi au vendredi: 09H00 &#8211; 12H00 ; 14H00 &#8211; 18H00 Prendre un rendez-vous Appuyez pour \u00eatre redirig\u00e9 vers notre calendrier Prendre RDV OU Envoyer un message Nous devrions \u00eatre en mesure de vous r\u00e9pondre dans les 24 heures<\/p>\n","protected":false},"author":1,"featured_media":0,"parent":0,"menu_order":0,"comment_status":"closed","ping_status":"closed","template":"","meta":{"_coblocks_attr":"","_coblocks_dimensions":"","_coblocks_responsive_height":"","_coblocks_accordion_ie_support":"","_uag_custom_page_level_css":"","_monsterinsights_skip_tracking":false,"_monsterinsights_sitenote_active":false,"_monsterinsights_sitenote_note":"","_monsterinsights_sitenote_category":0,"site-sidebar-layout":"no-sidebar","site-content-layout":"page-builder","ast-site-content-layout":"default","site-content-style":"default","site-sidebar-style":"default","ast-global-header-display":"","ast-banner-title-visibility":"","ast-main-header-display":"","ast-hfb-above-header-display":"","ast-hfb-below-header-display":"","ast-hfb-mobile-header-display":"","site-post-title":"disabled","ast-breadcrumbs-content":"","ast-featured-img":"disabled","footer-sml-layout":"","ast-disable-related-posts":"","theme-transparent-header-meta":"","adv-header-id-meta":"","stick-header-meta":"","header-above-stick-meta":"","header-main-stick-meta":"","header-below-stick-meta":"","astra-migrate-meta-layouts":"default","ast-page-background-enabled":"default","ast-page-background-meta":{"desktop":{"background-color":"","background-image":"","background-repeat":"repeat","background-position":"center center","background-size":"auto","background-attachment":"scroll","background-type":"","background-media":"","overlay-type":"","overlay-color":"","overlay-opacity":"","overlay-gradient":""},"tablet":{"background-color":"","background-image":"","background-repeat":"repeat","background-position":"center center","background-size":"auto","background-attachment":"scroll","background-type":"","background-media":"","overlay-type":"","overlay-color":"","overlay-opacity":"","overlay-gradient":""},"mobile":{"background-color":"","background-image":"","background-repeat":"repeat","background-position":"center center","background-size":"auto","background-attachment":"scroll","background-type":"","background-media":"","overlay-type":"","overlay-color":"","overlay-opacity":"","overlay-gradient":""}},"ast-content-background-meta":{"desktop":{"background-color":"var(--ast-global-color-5)","background-image":"","background-repeat":"repeat","background-position":"center center","background-size":"auto","background-attachment":"scroll","background-type":"","background-media":"","overlay-type":"","overlay-color":"","overlay-opacity":"","overlay-gradient":""},"tablet":{"background-color":"var(--ast-global-color-5)","background-image":"","background-repeat":"repeat","background-position":"center center","background-size":"auto","background-attachment":"scroll","background-type":"","background-media":"","overlay-type":"","overlay-color":"","overlay-opacity":"","overlay-gradient":""},"mobile":{"background-color":"var(--ast-global-color-5)","background-image":"","background-repeat":"repeat","background-position":"center center","background-size":"auto","background-attachment":"scroll","background-type":"","background-media":"","overlay-type":"","overlay-color":"","overlay-opacity":"","overlay-gradient":""}},"footnotes":""},"class_list":["post-810","page","type-page","status-publish","hentry"],"uagb_featured_image_src":{"full":false,"thumbnail":false,"medium":false,"medium_large":false,"large":false,"1536x1536":false,"2048x2048":false,"trp-custom-language-flag":false},"uagb_author_info":{"display_name":"anouar","author_link":"https:\/\/archimedean.fr\/fr\/author\/anouar\/"},"uagb_comment_info":0,"uagb_excerpt":"Contact Courrier: Address : 40 rue Alexandre Dumas, Paris Email : contact@archimedean.fr Horaire de travail Du lundi au vendredi: 09H00 &#8211; 12H00 ; 14H00 &#8211; 18H00 Prendre un rendez-vous Appuyez pour \u00eatre redirig\u00e9 vers notre calendrier Prendre RDV OU Envoyer un message Nous devrions \u00eatre en mesure de vous r\u00e9pondre dans les 24 heures","_links":{"self":[{"href":"https:\/\/archimedean.fr\/fr\/wp-json\/wp\/v2\/pages\/810","targetHints":{"allow":["GET"]}}],"collection":[{"href":"https:\/\/archimedean.fr\/fr\/wp-json\/wp\/v2\/pages"}],"about":[{"href":"https:\/\/archimedean.fr\/fr\/wp-json\/wp\/v2\/types\/page"}],"author":[{"embeddable":true,"href":"https:\/\/archimedean.fr\/fr\/wp-json\/wp\/v2\/users\/1"}],"replies":[{"embeddable":true,"href":"https:\/\/archimedean.fr\/fr\/wp-json\/wp\/v2\/comments?post=810"}],"version-history":[{"count":17,"href":"https:\/\/archimedean.fr\/fr\/wp-json\/wp\/v2\/pages\/810\/revisions"}],"predecessor-version":[{"id":1118,"href":"https:\/\/archimedean.fr\/fr\/wp-json\/wp\/v2\/pages\/810\/revisions\/1118"}],"wp:attachment":[{"href":"https:\/\/archimedean.fr\/fr\/wp-json\/wp\/v2\/media?parent=810"}],"curies":[{"name":"wp","href":"https:\/\/api.w.org\/{rel}","templated":true}]}}