{"id":808,"date":"2017-08-01T12:13:17","date_gmt":"2017-08-01T12:13:17","guid":{"rendered":"https:\/\/archimedean.fr\/practice-area\/"},"modified":"2023-07-31T11:01:04","modified_gmt":"2023-07-31T11:01:04","slug":"know-how","status":"publish","type":"page","link":"https:\/\/archimedean.fr\/fr\/know-how\/","title":{"rendered":"Know-how"},"content":{"rendered":"\n\n\t<h1>\n\t\t\t\t\tSavoir-faire\n\t\t\t\t<\/h1>\n\t<p>Archimedean est votre partenaire id\u00e9al si vous avez un besoin d&rsquo;ing\u00e9nierie Syst\u00e8me et M\u00e9thode, ou si vous avez probl\u00e8me technique complexe \u00e0 r\u00e9soudre. Nous int\u00e9grons les derni\u00e8res avanc\u00e9es en mati\u00e8re de Recherche et d&rsquo;Innovation, et nous savons s\u00e9lectionner pour vous les bonnes briques logicielles et mat\u00e9rielles qui apportent une solution durable \u00e0 votre besoin.<\/p>\n\t<h4>\n\t\t\t\t\tNos sp\u00e9cialisations\n\t\t\t\t<\/h4>\n\t<ul>\n\t\t<li>\t\t\t\t\n\t\t<h5>Math\u00e9matiques et informatique cognitive<\/h5><\/li><li>\t\t\t\t\n\t\t<h5>Vision robotique et photogramm\u00e9trie<\/h5><\/li><li>\t\t\t\t\n\t\t<h5>Robotique, capteurs et m\u00e9trologie<\/h5><\/li><li>\t\t\t\t\n\t\t<h5>Automatique et contr\u00f4le-commande<\/h5><\/li>\t<\/ul>\n\t\t\t\t<img decoding=\"async\" src=\"https:\/\/archimedean.fr\/wp-content\/uploads\/2022\/12\/archimedean-intelligent-system-design.png\" alt=\"archimedean - intelligent system design\" itemprop=\"image\"\/>\n\t<h3>\n\t\t\t\t\t<a href=\"https:\/\/archimedean.fr\/fr\/know-how\/system-engineering\" title=\"Ing\u00e9nierie syst\u00e8me\" target=\"_self\" rel=\"noopener\">\n\t\t\t\t\t\tIng\u00e9nierie syst\u00e8me\n\t\t\t\t\t\t<\/a>\n\t\t\t<\/h3>\n\t\t\t<p>Qu&rsquo;il s&rsquo;agisse de rechercher et corriger une anomalie syst\u00e8me ou de d\u00e9velopper purement et simplement un syst\u00e8me, l&rsquo;enjeu est de ma\u00eetriser le comportement fonctionnel individuel et conjoint des briques logicielles et mat\u00e9rielles qui le composent. Il est important de conna\u00eetre le mod\u00e8le d&rsquo;erreur individuel de chaque brique, et le mod\u00e8le de propagation de ces erreurs dans le syst\u00e8me, qui est \u00e9ventuellement non lin\u00e9aire.<\/p>\n<p>Chez Archimedean, nous commen\u00e7ons par d\u00e9velopper <strong>une philosophie du comportement du syst\u00e8me<\/strong> et de ses blocs \u00e9l\u00e9mentaires\u00a0: apr\u00e8s avoir identifi\u00e9 ce que l&rsquo;on attend du syst\u00e8me, nous cherchons les connaissances a priori sur ses blocs \u00e0 partir de l&rsquo;existant (documentation, applications, corpus scientifiques, avis d&rsquo;expert). En cas d&rsquo;incertitude, <strong>ces connaissances a priori sont mises \u00e0 l&rsquo;\u00e9preuve par l&rsquo;exp\u00e9rience.<\/strong> La brique du syst\u00e8me est examin\u00e9e par des tests de performance pour la valider et pour discriminer les aspects \u00e0 raffiner.<\/p>\n<p>Dans le cadre de d\u00e9veloppement de nouveau produit, <strong>nous partons g\u00e9n\u00e9ralement de technologies qui ont \u00e9t\u00e9 test\u00e9es intensivement<\/strong> m\u00eame si elles r\u00e9pondent moins bien au besoin sp\u00e9cifique, et nous en formons un prototype. Nous \u00e9tudions ce dernier pour nous faire une id\u00e9e sur son comportement global. Nous am\u00e9liorons ensuite chacun de ses maillons de mani\u00e8re interactive, it\u00e9rative et constructive.<\/p>\n\t<ul>\n\t\t<li>\t\t\n\t\t\t\t<img decoding=\"async\" src=\"https:\/\/archimedean.fr\/wp-content\/uploads\/bb-plugin\/cache\/Anouar_background-supprime-1-scaled-circle.jpg\" alt=\"Anouar_background supprim\u00e9\" itemprop=\"image\"\/>\n\t\t<p>Anouar EL MAHYAOUI, fondateur d&rsquo;archimedean<\/p><\/li>\t<\/ul>\n\t\t\t\t<img decoding=\"async\" src=\"https:\/\/archimedean.fr\/wp-content\/uploads\/2022\/12\/archimedean-smart-system-design.jpeg\" alt=\"Over the Shoulder Shot of Engineer Working with CAD Software on Desktop Computer, Screen Shows Technical Drafts and Drawings. In the Background Engineering Facility Specialising on Industrial Design\" itemprop=\"image\"\/>\n\t\t\t\t<img decoding=\"async\" src=\"https:\/\/archimedean.fr\/wp-content\/uploads\/2022\/12\/Archimedean-Navigation-systems-1.jpg\" alt=\"Young,Woman,Reading,A,Magazine,In,A,Autonomous,Car.,Driverless\" itemprop=\"image\"\/>\n\t\t\t\t<img decoding=\"async\" src=\"https:\/\/archimedean.fr\/wp-content\/uploads\/2022\/12\/archimedean-navigation-systems.png\" alt=\"archimedean - navigation systems\" itemprop=\"image\"\/>\n\t<h3>\n\t\t\t\t\tNavigation\n\t\t\t\t<\/h3>\n\t\t\t<p>Les syst\u00e8mes qui combinent des entr\u00e9es multisensorielles provenant de r\u00e9cepteurs GNSS, acc\u00e9l\u00e9rom\u00e8tres, gyroscopes, magn\u00e9tom\u00e8tres, cam\u00e9ras, t\u00e9l\u00e9m\u00e8tres Lidar \/ Radar, capteurs \u00e0 ultrason, avec des donn\u00e9es cartographiques et d&rsquo;itin\u00e9raire, pour localiser un v\u00e9hicule ou un robot et le contr\u00f4ler, en environnement int\u00e9rieur ou ext\u00e9rieur.<\/p>\n\t<ul>\n\t\t<li>\t\t\t\t\n\t\t<h5>Cartographie 3D (nuage de points) et cartographie 2D  graphe (n\u0153uds, arcs) <\/h5><\/li><li>\t\t\t\t\n\t\t<h5>Planification d&rsquo;itin\u00e9raire et identification des itin\u00e9raires optimaux<\/h5><\/li><li>\t\t\t\t\n\t\t<h5>Surveillance des conditions de circulation et des v\u00e9hicules \u00e0 proximit\u00e9<\/h5><\/li><li>\t\t\t\t\n\t\t<h5>Localisation et cartographie simultan\u00e9es<\/h5><\/li>\t<\/ul>\n\t\t\t\t<img decoding=\"async\" src=\"https:\/\/archimedean.fr\/wp-content\/uploads\/2022\/12\/archimedean-sensors-and-robotics-precision-metrology.png\" alt=\"archimedean - sensors and robotics precision - metrology\" itemprop=\"image\"\/>\n\t<h3>\n\t\t\t\t\tPr\u00e9cision des capteurs et de la robotique \/ m\u00e9trologie\n\t\t\t\t<\/h3>\n\t\t\t<p>Identification des sources d&rsquo;erreurs des syst\u00e8mes robotiques, l&rsquo;am\u00e9lioration de leur pr\u00e9cision, et l&rsquo;augmentation de leur fiabilit\u00e9 et temps de disponibilit\u00e9 \u00e0 l&rsquo;aide de la<strong> statistique<\/strong>, des techniques de<strong> traitement du signal<\/strong> et de <strong>la m\u00e9trologie<\/strong>.<\/p>\n\t<ul>\n\t\t<li>\t\t\t\t\n\t\t<h5>\u00c9valuation des performances des capteurs et des actionneurs<\/h5><\/li><li>\t\t\t\t\n\t\t<h5>Correction du biais de mesure et compensation de la d\u00e9rive (drift)<\/h5><\/li><li>\t\t\t\t\n\t\t<h5>Filtrage du bruit, r\u00e9\u00e9chantillonnage du signal et remise \u00e0 l&rsquo;\u00e9chelle de l&rsquo;amplitude<\/h5><\/li><li>\t\t\t\t\n\t\t<h5>Am\u00e9lioration de la pr\u00e9cision gr\u00e2ce \u00e0 la redondance et \u00e0 la fusion multi-capteurs<\/h5><\/li><li>\t\t\t\t\n\t\t<h5>D\u00e9finition des intervalles de confiance et des limites de tol\u00e9rance<\/h5><\/li><li>\t\t\t\t\n\t\t<h5>Calibration syst\u00e8me et d\u00e9finition des processus d&rsquo;\u00e9talonnage<\/h5><\/li>\t<\/ul>\n\t\t\t\t<img decoding=\"async\" src=\"https:\/\/archimedean.fr\/wp-content\/uploads\/2022\/12\/archimedean-robotics-sensor-precision.jpeg\" alt=\"archimedean - robotics - sensor precision\" itemprop=\"image\"\/>\n\t<h5>\n\t\t\t\t\tVous avez des questions et souhaitez en savoir plus ?\n\t\t\t\t<\/h5>\n\t<h2>\n\t\t\t\t\t\u00c9crivez-nous ou prenez rendez-vous directement dans notre calendrier.\n\t\t\t\t<\/h2>\n\t\t\t<a href=\"https:\/\/archimedean.fr\/contact\/\" target=\"_self\" role=\"button\" rel=\"noopener\">\n\t\t\t\t\t\tContactez-nous\n\t\t<\/a>\n\t\t\t\t<img decoding=\"async\" src=\"https:\/\/archimedean.fr\/wp-content\/uploads\/2022\/12\/archimedean-robotic-vision-photogrammetry.png\" alt=\"archimedean - robotic vision - photogrammetry\" itemprop=\"image\"\/>\n\t<h3>\n\t\t\t\t\tVision robotique et photogramm\u00e9trie\n\t\t\t\t<\/h3>\n\t\t\t<p>L&rsquo;assistance dans l&rsquo;ensemble du processus de s\u00e9lection et d&rsquo;int\u00e9gration des cam\u00e9ras pour r\u00e9pondre aux besoins de l&rsquo;application industrielle, de l&rsquo;achat des capteurs, leur montage et la sp\u00e9cification des conditions d&rsquo;\u00e9clairage n\u00e9cessaires, jusqu&rsquo;\u00e0 l&rsquo;acquisition d&rsquo;images, le pr\u00e9traitement et le d\u00e9veloppement d&rsquo;algorithmes d&rsquo;exploitation.<\/p>\n\t<ul>\n\t\t<li>\t\t\t\t\n\t\t<h5>Traitement et segmentation d&rsquo;images<\/h5><\/li><li>\t\t\t\t\n\t\t<h5>\u00c9talonnage des cam\u00e9ras et l&rsquo;estimation de leurs param\u00e8tres intrins\u00e8ques (focales, point principal, distorsions) et extrins\u00e8ques (position et orientation)<\/h5><\/li><li>\t\t\t\t\n\t\t<h5>Mod\u00e9lisation 3D et g\u00e9n\u00e9ration de la morphologie \u00e0 partir de la multi-vues (images prises de plusieurs angles de vue)<\/h5><\/li><li>\t\t\t\t\n\t\t<h5>Mesure de la profondeur et des distances \u00e0 partir des images<\/h5><\/li><li>\t\t\t\t\n\t\t<h5>Positions et trajectoire en temps r\u00e9el des objets dans la sc\u00e8ne<\/h5><\/li>\t<\/ul>\n\t\t\t\t<img decoding=\"async\" src=\"https:\/\/archimedean.fr\/wp-content\/uploads\/2022\/12\/archimedean-robotic-vision-photogrammetry.jpeg\" alt=\"Visual inspection technology with camera on industrial robot arm\" itemprop=\"image\"\/>\n\t\t\t\t<img decoding=\"async\" src=\"https:\/\/archimedean.fr\/wp-content\/uploads\/2022\/12\/archimedean-autonomeous-driving.jpeg\" alt=\"archimedean - autonomeous driving\" itemprop=\"image\"\/>\n\t\t\t\t<img decoding=\"async\" src=\"https:\/\/archimedean.fr\/wp-content\/uploads\/2022\/12\/archimedean-machine-learning-and-cognitive-computing.png\" alt=\"archimedean -machine learning and cognitive computing\" itemprop=\"image\"\/>\n\t<h3>\n\t\t\t\t\tApprentissage automatique et informatique cognitive\n\t\t\t\t<\/h3>\n\t\t\t<p>D\u00e9veloppement de cerveaux artificiels adapt\u00e9s \u00e0 des t\u00e2ches d&rsquo;estimation, de pr\u00e9vision, ou simplement de description gr\u00e2ce \u00e0 la math\u00e9matique (statistique, optimisation, \u00e9quation de comportement physique : cin\u00e9tique, cin\u00e9matique, dynamique, thermique, \u00e9lectronique, etc.), l&rsquo;algorithmie sp\u00e9cifique \u00e0 l&rsquo;intelligence artificielle, et le calcul intensif HPC.<\/p>\n\t<ul>\n\t\t<li>\t\t\t\t\n\t\t<h5>Apprentissage automatique et r\u00e9seaux de neurones<\/h5><\/li><li>\t\t\t\t\n\t\t<h5>Apprentissage par renforcement et par d\u00e9monstration <\/h5><\/li><li>\t\t\t\t\n\t\t<h5>Programmation math\u00e9matique, optimisation m\u00e9taheuristique et algorithmes \u00e9volutionnaires<\/h5><\/li><li>\t\t\t\t\n\t\t<h5>Mod\u00e8les probabilistes, mod\u00e8les g\u00e9n\u00e9ratifs, arbre de d\u00e9cision et mod\u00e8les markoviens<\/h5><\/li>\t<\/ul>\n\t<h5>\n\t\t\t\t\tCurieux d&rsquo;en savoir plus sur notre travail ?\n\t\t\t\t<\/h5>\n\t<h2>\n\t\t\t\t\tVenez d\u00e9couvrir les cas d&rsquo;utilisation\n\t\t\t\t<\/h2>\n\t\t\t<a href=\"https:\/\/archimedean.fr\/use-cases\/\" target=\"_self\" role=\"button\" rel=\"noopener\">\n\t\t\t\t\t\tApplications industrielles\n\t\t<\/a>\n\n","protected":false},"excerpt":{"rendered":"<p>Savoir-faire Archimedean est votre partenaire id\u00e9al si vous avez un besoin d&rsquo;ing\u00e9nierie Syst\u00e8me et M\u00e9thode, ou si vous avez probl\u00e8me technique complexe \u00e0 r\u00e9soudre. Nous int\u00e9grons les derni\u00e8res avanc\u00e9es en mati\u00e8re de Recherche et d&rsquo;Innovation, et nous savons s\u00e9lectionner pour vous les bonnes briques logicielles et mat\u00e9rielles qui apportent une solution durable \u00e0 votre besoin. [&hellip;]<\/p>\n","protected":false},"author":1,"featured_media":0,"parent":0,"menu_order":0,"comment_status":"closed","ping_status":"closed","template":"","meta":{"_coblocks_attr":"","_coblocks_dimensions":"","_coblocks_responsive_height":"","_coblocks_accordion_ie_support":"","_uag_custom_page_level_css":"","_monsterinsights_skip_tracking":false,"_monsterinsights_sitenote_active":false,"_monsterinsights_sitenote_note":"","_monsterinsights_sitenote_category":0,"site-sidebar-layout":"no-sidebar","site-content-layout":"page-builder","ast-site-content-layout":"default","site-content-style":"default","site-sidebar-style":"default","ast-global-header-display":"","ast-banner-title-visibility":"","ast-main-header-display":"","ast-hfb-above-header-display":"","ast-hfb-below-header-display":"","ast-hfb-mobile-header-display":"","site-post-title":"disabled","ast-breadcrumbs-content":"","ast-featured-img":"disabled","footer-sml-layout":"","ast-disable-related-posts":"","theme-transparent-header-meta":"","adv-header-id-meta":"","stick-header-meta":"","header-above-stick-meta":"","header-main-stick-meta":"","header-below-stick-meta":"","astra-migrate-meta-layouts":"default","ast-page-background-enabled":"default","ast-page-background-meta":{"desktop":{"background-color":"","background-image":"","background-repeat":"repeat","background-position":"center center","background-size":"auto","background-attachment":"scroll","background-type":"","background-media":"","overlay-type":"","overlay-color":"","overlay-opacity":"","overlay-gradient":""},"tablet":{"background-color":"","background-image":"","background-repeat":"repeat","background-position":"center center","background-size":"auto","background-attachment":"scroll","background-type":"","background-media":"","overlay-type":"","overlay-color":"","overlay-opacity":"","overlay-gradient":""},"mobile":{"background-color":"","background-image":"","background-repeat":"repeat","background-position":"center center","background-size":"auto","background-attachment":"scroll","background-type":"","background-media":"","overlay-type":"","overlay-color":"","overlay-opacity":"","overlay-gradient":""}},"ast-content-background-meta":{"desktop":{"background-color":"var(--ast-global-color-5)","background-image":"","background-repeat":"repeat","background-position":"center center","background-size":"auto","background-attachment":"scroll","background-type":"","background-media":"","overlay-type":"","overlay-color":"","overlay-opacity":"","overlay-gradient":""},"tablet":{"background-color":"var(--ast-global-color-5)","background-image":"","background-repeat":"repeat","background-position":"center center","background-size":"auto","background-attachment":"scroll","background-type":"","background-media":"","overlay-type":"","overlay-color":"","overlay-opacity":"","overlay-gradient":""},"mobile":{"background-color":"var(--ast-global-color-5)","background-image":"","background-repeat":"repeat","background-position":"center center","background-size":"auto","background-attachment":"scroll","background-type":"","background-media":"","overlay-type":"","overlay-color":"","overlay-opacity":"","overlay-gradient":""}},"footnotes":""},"class_list":["post-808","page","type-page","status-publish","hentry"],"uagb_featured_image_src":{"full":false,"thumbnail":false,"medium":false,"medium_large":false,"large":false,"1536x1536":false,"2048x2048":false,"trp-custom-language-flag":false},"uagb_author_info":{"display_name":"anouar","author_link":"https:\/\/archimedean.fr\/fr\/author\/anouar\/"},"uagb_comment_info":0,"uagb_excerpt":"Savoir-faire Archimedean est votre partenaire id\u00e9al si vous avez un besoin d&rsquo;ing\u00e9nierie Syst\u00e8me et M\u00e9thode, ou si vous avez probl\u00e8me technique complexe \u00e0 r\u00e9soudre. Nous int\u00e9grons les derni\u00e8res avanc\u00e9es en mati\u00e8re de Recherche et d&rsquo;Innovation, et nous savons s\u00e9lectionner pour vous les bonnes briques logicielles et mat\u00e9rielles qui apportent une solution durable \u00e0 votre besoin.\u2026","_links":{"self":[{"href":"https:\/\/archimedean.fr\/fr\/wp-json\/wp\/v2\/pages\/808","targetHints":{"allow":["GET"]}}],"collection":[{"href":"https:\/\/archimedean.fr\/fr\/wp-json\/wp\/v2\/pages"}],"about":[{"href":"https:\/\/archimedean.fr\/fr\/wp-json\/wp\/v2\/types\/page"}],"author":[{"embeddable":true,"href":"https:\/\/archimedean.fr\/fr\/wp-json\/wp\/v2\/users\/1"}],"replies":[{"embeddable":true,"href":"https:\/\/archimedean.fr\/fr\/wp-json\/wp\/v2\/comments?post=808"}],"version-history":[{"count":39,"href":"https:\/\/archimedean.fr\/fr\/wp-json\/wp\/v2\/pages\/808\/revisions"}],"predecessor-version":[{"id":1132,"href":"https:\/\/archimedean.fr\/fr\/wp-json\/wp\/v2\/pages\/808\/revisions\/1132"}],"wp:attachment":[{"href":"https:\/\/archimedean.fr\/fr\/wp-json\/wp\/v2\/media?parent=808"}],"curies":[{"name":"wp","href":"https:\/\/api.w.org\/{rel}","templated":true}]}}