{"id":807,"date":"2017-08-01T12:13:16","date_gmt":"2017-08-01T12:13:16","guid":{"rendered":"https:\/\/archimedean.fr\/about\/"},"modified":"2023-07-26T13:08:07","modified_gmt":"2023-07-26T13:08:07","slug":"about","status":"publish","type":"page","link":"https:\/\/archimedean.fr\/fr\/about\/","title":{"rendered":"About"},"content":{"rendered":"\n\n\t<h1>\n\t\t\t\t\t\u00c0 propos de nous\n\t\t\t\t<\/h1>\n\t<h5>\n\t\t\t\t\tArchimedean se nourrit de curiosit\u00e9 technique et d&rsquo;excellence\n\t\t\t\t<\/h5>\n\t<h2>\n\t\t\t\t\tNous sommes sp\u00e9cialis\u00e9s dans la Recherche et D\u00e9veloppement\n\t\t\t\t<\/h2>\n\t\t\t<p>Archimedean est une soci\u00e9t\u00e9 de conseil ax\u00e9e sur les projets de R&amp;D et d&rsquo;innovation, fond\u00e9e en 2022. Sa raison d&rsquo;\u00eatre est d&rsquo;accompagner les industries dans l&rsquo;ing\u00e9nierie de nouveaux produits et m\u00e9thodes, et de participer dans la r\u00e9solution des probl\u00e8mes techniques d\u00e9licats auxquels font face les industriels au quotidien.<\/p>\n\t<ul>\n\t\t<li>\t\t\t\t\n\t\t<h4>Le fondateur<\/h4><p>Anouar EL MAHYAOUI est ing\u00e9nieur passionn\u00e9 par la r\u00e9solution de probl\u00e8mes industriels et le d\u00e9veloppement de nouveaux produits et concepts. Il s&rsquo;int\u00e9resse \u00e0 l&rsquo;entrepreneuriat, aux math\u00e9matiques, \u00e0 la philosophie, \u00e0 l&rsquo;Histoire, et \u00e0 la musique. Son aspiration est de construire un nouveau type d&rsquo;organisation qui fonctionne de mani\u00e8re \u00e0 am\u00e9liorer le taux d&rsquo;aboutissement de la R&amp;D tout en respectant les imp\u00e9ratifs de l&rsquo;industrie technologique d&rsquo;aujourd&rsquo;hui ; de faire mieux et de le faire plus vite. <a href=\"https:\/\/www.linkedin.com\/in\/anouar-em\/\" target=\"_blank\" rel=\"noopener\">Voir plus<\/a>\u00a0<\/p><\/li>\t<\/ul>\n\t<iframe loading=\"lazy\" src=\"https:\/\/player.vimeo.com\/video\/848507795?title=0&amp;byline=0&amp;portrait=0&amp;speed=0&amp;badge=0&amp;autopause=0&amp;player_id=0&amp;app_id=58479\" width=\"1280\" height=\"720\" frameborder=\"0\" allow=\"autoplay; ; picture-in-picture\"  title=\"Pr\u00e9sentation d'Archimedean\"><\/iframe>\n\t<p>Archimedean est votre partenaire id\u00e9al si vous avez un besoin d&rsquo;ing\u00e9nierie Syst\u00e8me et M\u00e9thode, ou si vous avez probl\u00e8me technique complexe \u00e0 r\u00e9soudre. Nous int\u00e9grons les derni\u00e8res avanc\u00e9es en mati\u00e8re de Recherche et d&rsquo;Innovation, et nous savons s\u00e9lectionner pour vous les bonnes briques logicielles et mat\u00e9rielles qui apportent une solution durable \u00e0 votre besoin.<\/p>\n\t<h4>\n\t\t\t\t\tNos sp\u00e9cialisations\n\t\t\t\t<\/h4>\n\t<ul>\n\t\t<li>\t\t\t\t\n\t\t<h5>Math\u00e9matiques et informatique cognitive<\/h5><\/li><li>\t\t\t\t\n\t\t<h5>Vision robotique et photogramm\u00e9trie<\/h5><\/li><li>\t\t\t\t\n\t\t<h5>Robotique, capteurs et m\u00e9trologie<\/h5><\/li><li>\t\t\t\t\n\t\t<h5>Automatique et contr\u00f4le-commande<\/h5><\/li>\t<\/ul>\n\t\t\t\t<img decoding=\"async\" src=\"https:\/\/archimedean.fr\/wp-content\/uploads\/2022\/12\/AdobeStock_348341164.jpeg\" alt=\"AdobeStock_348341164\" itemprop=\"image\"\/>\n\t\t\t\t<img decoding=\"async\" src=\"https:\/\/archimedean.fr\/wp-content\/uploads\/2022\/12\/AdobeStock_309481630-2.jpeg\" alt=\"Hand drawing low Cost high Value matrix graph business concept with white chalk on blackboard.\" itemprop=\"image\"\/>\n\t\t\t\t<img decoding=\"async\" src=\"https:\/\/archimedean.fr\/wp-content\/uploads\/2022\/12\/happy-and-confident-engineer-1.jpeg\" alt=\"Smiling young Asian businessman standing next to a table while working alone in a large modern office\" itemprop=\"image\"\/>\n\t<h5>\n\t\t\t\t\tIng\u00e9nieurs et experts en ing\u00e9nierie syst\u00e8me\n\t\t\t\t<\/h5>\n\t<h2>\n\t\t\t\t\tPourquoi choisir notre entreprise ?\n\t\t\t\t<\/h2>\n\t<ul>\n\t\t<li>\t\t\t\t\n\t\t<h3>Le client et nous travaillons comme une seule organe<\/h3><p>Pas de retard ni de goulots d&rsquo;\u00e9tranglement\u00a0; la proximit\u00e9 et la communication constante, et en toute transparence, sur l&rsquo;\u00e9volution du projet.<\/p><\/li><li>\t\t\t\t\n\t\t<h3>Le succ\u00e8s est notre guide<\/h3><p>Nous mettons tout en \u0153uvre pour r\u00e9ussir nos projets. Nous ne baissons pas les bras face aux difficult\u00e9s. La planification r\u00e9fl\u00e9chie, l&rsquo;apprentissage, la correction, la r\u00e9adaptation rapide, et la pers\u00e9v\u00e9rance sont nos atouts pour surmonter les d\u00e9fis et r\u00e9aliser les objectifs.<\/p><\/li><li>\t\t\t\t\n\t\t<h3>Nous sommes transparents sur les co\u00fbts et les prix<\/h3><p>Notre politique budg\u00e9taire en mati\u00e8re de ressources et de d\u00e9penses est transparente..<\/p><\/li>\t<\/ul>\n\n","protected":false},"excerpt":{"rendered":"<p>\u00c0 propos de nous Archimedean se nourrit de curiosit\u00e9 technique et d&rsquo;excellence Nous sommes sp\u00e9cialis\u00e9s dans la Recherche et D\u00e9veloppement Archimedean est une soci\u00e9t\u00e9 de conseil ax\u00e9e sur les projets de R&amp;D et d&rsquo;innovation, fond\u00e9e en 2022. Sa raison d&rsquo;\u00eatre est d&rsquo;accompagner les industries dans l&rsquo;ing\u00e9nierie de nouveaux produits et m\u00e9thodes, et de participer dans [&hellip;]<\/p>\n","protected":false},"author":1,"featured_media":0,"parent":0,"menu_order":0,"comment_status":"closed","ping_status":"closed","template":"","meta":{"_coblocks_attr":"","_coblocks_dimensions":"","_coblocks_responsive_height":"","_coblocks_accordion_ie_support":"","_uag_custom_page_level_css":"","_monsterinsights_skip_tracking":false,"_monsterinsights_sitenote_active":false,"_monsterinsights_sitenote_note":"","_monsterinsights_sitenote_category":0,"site-sidebar-layout":"no-sidebar","site-content-layout":"page-builder","ast-site-content-layout":"default","site-content-style":"default","site-sidebar-style":"default","ast-global-header-display":"","ast-banner-title-visibility":"","ast-main-header-display":"","ast-hfb-above-header-display":"","ast-hfb-below-header-display":"","ast-hfb-mobile-header-display":"","site-post-title":"disabled","ast-breadcrumbs-content":"","ast-featured-img":"disabled","footer-sml-layout":"","ast-disable-related-posts":"","theme-transparent-header-meta":"","adv-header-id-meta":"","stick-header-meta":"","header-above-stick-meta":"","header-main-stick-meta":"","header-below-stick-meta":"","astra-migrate-meta-layouts":"default","ast-page-background-enabled":"default","ast-page-background-meta":{"desktop":{"background-color":"","background-image":"","background-repeat":"repeat","background-position":"center center","background-size":"auto","background-attachment":"scroll","background-type":"","background-media":"","overlay-type":"","overlay-color":"","overlay-opacity":"","overlay-gradient":""},"tablet":{"background-color":"","background-image":"","background-repeat":"repeat","background-position":"center center","background-size":"auto","background-attachment":"scroll","background-type":"","background-media":"","overlay-type":"","overlay-color":"","overlay-opacity":"","overlay-gradient":""},"mobile":{"background-color":"","background-image":"","background-repeat":"repeat","background-position":"center center","background-size":"auto","background-attachment":"scroll","background-type":"","background-media":"","overlay-type":"","overlay-color":"","overlay-opacity":"","overlay-gradient":""}},"ast-content-background-meta":{"desktop":{"background-color":"var(--ast-global-color-5)","background-image":"","background-repeat":"repeat","background-position":"center center","background-size":"auto","background-attachment":"scroll","background-type":"","background-media":"","overlay-type":"","overlay-color":"","overlay-opacity":"","overlay-gradient":""},"tablet":{"background-color":"var(--ast-global-color-5)","background-image":"","background-repeat":"repeat","background-position":"center center","background-size":"auto","background-attachment":"scroll","background-type":"","background-media":"","overlay-type":"","overlay-color":"","overlay-opacity":"","overlay-gradient":""},"mobile":{"background-color":"var(--ast-global-color-5)","background-image":"","background-repeat":"repeat","background-position":"center center","background-size":"auto","background-attachment":"scroll","background-type":"","background-media":"","overlay-type":"","overlay-color":"","overlay-opacity":"","overlay-gradient":""}},"footnotes":""},"class_list":["post-807","page","type-page","status-publish","hentry"],"uagb_featured_image_src":{"full":false,"thumbnail":false,"medium":false,"medium_large":false,"large":false,"1536x1536":false,"2048x2048":false,"trp-custom-language-flag":false},"uagb_author_info":{"display_name":"anouar","author_link":"https:\/\/archimedean.fr\/fr\/author\/anouar\/"},"uagb_comment_info":0,"uagb_excerpt":"\u00c0 propos de nous Archimedean se nourrit de curiosit\u00e9 technique et d&rsquo;excellence Nous sommes sp\u00e9cialis\u00e9s dans la Recherche et D\u00e9veloppement Archimedean est une soci\u00e9t\u00e9 de conseil ax\u00e9e sur les projets de R&amp;D et d&rsquo;innovation, fond\u00e9e en 2022. Sa raison d&rsquo;\u00eatre est d&rsquo;accompagner les industries dans l&rsquo;ing\u00e9nierie de nouveaux produits et m\u00e9thodes, et de participer dans\u2026","_links":{"self":[{"href":"https:\/\/archimedean.fr\/fr\/wp-json\/wp\/v2\/pages\/807","targetHints":{"allow":["GET"]}}],"collection":[{"href":"https:\/\/archimedean.fr\/fr\/wp-json\/wp\/v2\/pages"}],"about":[{"href":"https:\/\/archimedean.fr\/fr\/wp-json\/wp\/v2\/types\/page"}],"author":[{"embeddable":true,"href":"https:\/\/archimedean.fr\/fr\/wp-json\/wp\/v2\/users\/1"}],"replies":[{"embeddable":true,"href":"https:\/\/archimedean.fr\/fr\/wp-json\/wp\/v2\/comments?post=807"}],"version-history":[{"count":29,"href":"https:\/\/archimedean.fr\/fr\/wp-json\/wp\/v2\/pages\/807\/revisions"}],"predecessor-version":[{"id":1127,"href":"https:\/\/archimedean.fr\/fr\/wp-json\/wp\/v2\/pages\/807\/revisions\/1127"}],"wp:attachment":[{"href":"https:\/\/archimedean.fr\/fr\/wp-json\/wp\/v2\/media?parent=807"}],"curies":[{"name":"wp","href":"https:\/\/api.w.org\/{rel}","templated":true}]}}