{"id":808,"date":"2017-08-01T12:13:17","date_gmt":"2017-08-01T12:13:17","guid":{"rendered":"https:\/\/archimedean.fr\/practice-area\/"},"modified":"2023-07-31T11:01:04","modified_gmt":"2023-07-31T11:01:04","slug":"know-how","status":"publish","type":"page","link":"https:\/\/archimedean.fr\/en\/know-how\/","title":{"rendered":"Know-how"},"content":{"rendered":"<h1>\n\t\t\t\t\tKnow-how\n\t\t\t\t<\/h1>\n\t<p>Archimedean est votre partenaire id\u00e9al si vous avez un besoin d&rsquo;ing\u00e9nierie Syst\u00e8me et M\u00e9thode, ou si vous avez probl\u00e8me technique complexe \u00e0 r\u00e9soudre. Nous int\u00e9grons les derni\u00e8res avanc\u00e9es en mati\u00e8re de Recherche et d&rsquo;Innovation, et nous savons s\u00e9lectionner pour vous les bonnes briques logicielles et mat\u00e9rielles qui apportent une solution durable \u00e0 votre besoin.<\/p>\n\t<h4>\n\t\t\t\t\tOur Specialties\n\t\t\t\t<\/h4>\n\t<ul>\n\t\t<li>\t\t\t\t\n\t\t<h5>Mathematics and cognitive computing<\/h5><\/li><li>\t\t\t\t\n\t\t<h5>Robot vision and photogrammetry<\/h5><\/li><li>\t\t\t\t\n\t\t<h5>Robotics, sensors and metrology<\/h5><\/li><li>\t\t\t\t\n\t\t<h5>Automatic control engineering<\/h5><\/li>\t<\/ul>\n\t\t\t\t<img decoding=\"async\" src=\"https:\/\/archimedean.fr\/wp-content\/uploads\/2022\/12\/archimedean-intelligent-system-design.png\" alt=\"archimedean - intelligent system design\" itemprop=\"image\"\/>\n\t<h3>\n\t\t\t\t\t<a href=\"https:\/\/archimedean.fr\/en\/know-how\/system-engineering\/\" title=\"System engineering\" target=\"_self\" rel=\"noopener\">\n\t\t\t\t\t\tSystem engineering\n\t\t\t\t\t\t<\/a>\n\t\t\t<\/h3>\n\t\t\t<p>Qu&rsquo;il s&rsquo;agisse de rechercher et corriger une anomalie syst\u00e8me ou de d\u00e9velopper purement et simplement un syst\u00e8me, l&rsquo;enjeu est de ma\u00eetriser le comportement fonctionnel individuel et conjoint des briques logicielles et mat\u00e9rielles qui le composent. Il est important de conna\u00eetre le mod\u00e8le d&rsquo;erreur individuel de chaque brique, et le mod\u00e8le de propagation de ces erreurs dans le syst\u00e8me, qui est \u00e9ventuellement non lin\u00e9aire.<\/p>\n<p>At Archimedean, we start by developing <strong>a philosophy of the behaviour of the system<\/strong> et de ses blocs \u00e9l\u00e9mentaires\u00a0: apr\u00e8s avoir identifi\u00e9 ce que l&rsquo;on attend du syst\u00e8me, nous cherchons les connaissances a priori sur ses blocs \u00e0 partir de l&rsquo;existant (documentation, applications, corpus scientifiques, avis d&rsquo;expert). En cas d&rsquo;incertitude, <strong>ces connaissances a priori sont mises \u00e0 l&rsquo;\u00e9preuve par l&rsquo;exp\u00e9rience.<\/strong> the brick of the system is examined by performance tests to validate it and to discriminate the aspects to be fine-tuned.<\/p>\n<p>In the context of new product development, <strong>we generally start from technologies that have been tested widely<\/strong> even if they respond less well to the specific need, and we form a prototype. We study the latter to get an idea of its overall behavior. We then improve each of its blocks in an interactive, iterative and constructive way.<\/p>\n\t<ul>\n\t\t<li>\t\t\n\t\t\t\t<img decoding=\"async\" src=\"https:\/\/archimedean.fr\/wp-content\/uploads\/bb-plugin\/cache\/Anouar_background-supprime-1-scaled-circle.jpg\" alt=\"Anouar_background supprim\u00e9\" itemprop=\"image\"\/>\n\t\t<p>Anouar EL MAHYAOUI, fondateur d&rsquo;archimedean<\/p><\/li>\t<\/ul>\n\t\t\t\t<img decoding=\"async\" src=\"https:\/\/archimedean.fr\/wp-content\/uploads\/2022\/12\/archimedean-smart-system-design.jpeg\" alt=\"Over the Shoulder Shot of Engineer Working with CAD Software on Desktop Computer, Screen Shows Technical Drafts and Drawings. In the Background Engineering Facility Specialising on Industrial Design\" itemprop=\"image\"\/>\n\t\t\t\t<img decoding=\"async\" src=\"https:\/\/archimedean.fr\/wp-content\/uploads\/2022\/12\/Archimedean-Navigation-systems-1.jpg\" alt=\"Young,Woman,Reading,A,Magazine,In,A,Autonomous,Car.,Driverless\" itemprop=\"image\"\/>\n\t\t\t\t<img decoding=\"async\" src=\"https:\/\/archimedean.fr\/wp-content\/uploads\/2022\/12\/archimedean-navigation-systems.png\" alt=\"archimedean - navigation systems\" itemprop=\"image\"\/>\n\t<h3>\n\t\t\t\t\tNavigation\n\t\t\t\t<\/h3>\n\t\t\t<p>Les syst\u00e8mes qui combinent des entr\u00e9es multisensorielles provenant de r\u00e9cepteurs GNSS, acc\u00e9l\u00e9rom\u00e8tres, gyroscopes, magn\u00e9tom\u00e8tres, cam\u00e9ras, t\u00e9l\u00e9m\u00e8tres Lidar \/ Radar, capteurs \u00e0 ultrason, avec des donn\u00e9es cartographiques et d&rsquo;itin\u00e9raire, pour localiser un v\u00e9hicule ou un robot et le contr\u00f4ler, en environnement int\u00e9rieur ou ext\u00e9rieur.<\/p>\n\t<ul>\n\t\t<li>\t\t\t\t\n\t\t<h5>Build 3D maps and graph maps for indoor or outdoor environment <\/h5><\/li><li>\t\t\t\t\n\t\t<h5>Planification d&rsquo;itin\u00e9raire et identification des itin\u00e9raires optimaux<\/h5><\/li><li>\t\t\t\t\n\t\t<h5>Traffic conditions and nearby vehicles monitoring<\/h5><\/li><li>\t\t\t\t\n\t\t<h5>Simultaneous localization and mapping<\/h5><\/li>\t<\/ul>\n\t\t\t\t<img decoding=\"async\" src=\"https:\/\/archimedean.fr\/wp-content\/uploads\/2022\/12\/archimedean-sensors-and-robotics-precision-metrology.png\" alt=\"archimedean - sensors and robotics precision - metrology\" itemprop=\"image\"\/>\n\t<h3>\n\t\t\t\t\tSensors and robotics precision \/ metrology\n\t\t\t\t<\/h3>\n\t\t\t<p>Identification des sources d&rsquo;erreurs des syst\u00e8mes robotiques, l&rsquo;am\u00e9lioration de leur pr\u00e9cision, et l&rsquo;augmentation de leur fiabilit\u00e9 et temps de disponibilit\u00e9 \u00e0 l&rsquo;aide de la<strong> statistics<\/strong>,<strong> signal analysis<\/strong> and <strong>metrology<\/strong>.<\/p>\n\t<ul>\n\t\t<li>\t\t\t\t\n\t\t<h5>Sensor and actuator performance evaluation<\/h5><\/li><li>\t\t\t\t\n\t\t<h5>Measurement bias correction and drift compensation<\/h5><\/li><li>\t\t\t\t\n\t\t<h5>Filtrage du bruit, r\u00e9\u00e9chantillonnage du signal et remise \u00e0 l&rsquo;\u00e9chelle de l&rsquo;amplitude<\/h5><\/li><li>\t\t\t\t\n\t\t<h5>Precision improvement using redundancy and multi-sensor fusion<\/h5><\/li><li>\t\t\t\t\n\t\t<h5>Confidence intervals and tolerance limits setting<\/h5><\/li><li>\t\t\t\t\n\t\t<h5>Calibration syst\u00e8me et d\u00e9finition des processus d&rsquo;\u00e9talonnage<\/h5><\/li>\t<\/ul>\n\t\t\t\t<img decoding=\"async\" src=\"https:\/\/archimedean.fr\/wp-content\/uploads\/2022\/12\/archimedean-robotics-sensor-precision.jpeg\" alt=\"archimedean - robotics - sensor precision\" itemprop=\"image\"\/>\n\t<h5>\n\t\t\t\t\tYou have questions, and you care to know more ?\n\t\t\t\t<\/h5>\n\t<h2>\n\t\t\t\t\tWrite to us or schedule a meeting\n\t\t\t\t<\/h2>\n\t\t\t<a href=\"https:\/\/archimedean.fr\/en\/contact\/\" target=\"_self\" role=\"button\" rel=\"noopener\">\n\t\t\t\t\t\tGet in touch\n\t\t<\/a>\n\t\t\t\t<img decoding=\"async\" src=\"https:\/\/archimedean.fr\/wp-content\/uploads\/2022\/12\/archimedean-robotic-vision-photogrammetry.png\" alt=\"archimedean - robotic vision - photogrammetry\" itemprop=\"image\"\/>\n\t<h3>\n\t\t\t\t\tRobot vision and photogrammetry\n\t\t\t\t<\/h3>\n\t\t\t<p>L&rsquo;assistance dans l&rsquo;ensemble du processus de s\u00e9lection et d&rsquo;int\u00e9gration des cam\u00e9ras pour r\u00e9pondre aux besoins de l&rsquo;application industrielle, de l&rsquo;achat des capteurs, leur montage et la sp\u00e9cification des conditions d&rsquo;\u00e9clairage n\u00e9cessaires, jusqu&rsquo;\u00e0 l&rsquo;acquisition d&rsquo;images, le pr\u00e9traitement et le d\u00e9veloppement d&rsquo;algorithmes d&rsquo;exploitation.<\/p>\n\t<ul>\n\t\t<li>\t\t\t\t\n\t\t<h5>Traitement et segmentation d&rsquo;images<\/h5><\/li><li>\t\t\t\t\n\t\t<h5>\u00c9talonnage des cam\u00e9ras et l&rsquo;estimation de leurs param\u00e8tres intrins\u00e8ques (focales, point principal, distorsions) et extrins\u00e8ques (position et orientation)<\/h5><\/li><li>\t\t\t\t\n\t\t<h5>3D modeling and geometry generation from Multiview<\/h5><\/li><li>\t\t\t\t\n\t\t<h5>Depth and distance measurement from images<\/h5><\/li><li>\t\t\t\t\n\t\t<h5>Real-time pose and trajectory of objects in scene.<\/h5><\/li>\t<\/ul>\n\t\t\t\t<img decoding=\"async\" src=\"https:\/\/archimedean.fr\/wp-content\/uploads\/2022\/12\/archimedean-robotic-vision-photogrammetry.jpeg\" alt=\"Visual inspection technology with camera on industrial robot arm\" itemprop=\"image\"\/>\n\t\t\t\t<img decoding=\"async\" src=\"https:\/\/archimedean.fr\/wp-content\/uploads\/2022\/12\/archimedean-autonomeous-driving.jpeg\" alt=\"archimedean - autonomeous driving\" itemprop=\"image\"\/>\n\t\t\t\t<img decoding=\"async\" src=\"https:\/\/archimedean.fr\/wp-content\/uploads\/2022\/12\/archimedean-machine-learning-and-cognitive-computing.png\" alt=\"archimedean -machine learning and cognitive computing\" itemprop=\"image\"\/>\n\t<h3>\n\t\t\t\t\tMachine learning and cognitive computing\n\t\t\t\t<\/h3>\n\t\t\t<p>D\u00e9veloppement de cerveaux artificiels adapt\u00e9s \u00e0 des t\u00e2ches d&rsquo;estimation, de pr\u00e9vision, ou simplement de description gr\u00e2ce \u00e0 la math\u00e9matique (statistique, optimisation, \u00e9quation de comportement physique : cin\u00e9tique, cin\u00e9matique, dynamique, thermique, \u00e9lectronique, etc.), l&rsquo;algorithmie sp\u00e9cifique \u00e0 l&rsquo;intelligence artificielle, et le calcul intensif HPC.<\/p>\n\t<ul>\n\t\t<li>\t\t\t\t\n\t\t<h5>Machine learning and neural networks<\/h5><\/li><li>\t\t\t\t\n\t\t<h5>Reinforcement learning and Learning by Demonstration <\/h5><\/li><li>\t\t\t\t\n\t\t<h5>Mathematical programming, metaheuristic optimization and evolutionary algorithms<\/h5><\/li><li>\t\t\t\t\n\t\t<h5>Probability models, generative models, decision networks, and markovian models<\/h5><\/li>\t<\/ul>\n\t<h5>\n\t\t\t\t\tCurieux d&rsquo;en savoir plus sur notre travail ?\n\t\t\t\t<\/h5>\n\t<h2>\n\t\t\t\t\tVenez d\u00e9couvrir les cas d&rsquo;utilisation\n\t\t\t\t<\/h2>\n\t\t\t<a href=\"https:\/\/archimedean.fr\/en\/use-cases\/\" target=\"_self\" role=\"button\" rel=\"noopener\">\n\t\t\t\t\t\tIndustrial applications\n\t\t<\/a>","protected":false},"excerpt":{"rendered":"<p>Savoir-faire Archimedean est votre partenaire id\u00e9al si vous avez un besoin d&rsquo;ing\u00e9nierie Syst\u00e8me et M\u00e9thode, ou si vous avez probl\u00e8me technique complexe \u00e0 r\u00e9soudre. Nous int\u00e9grons les derni\u00e8res avanc\u00e9es en mati\u00e8re de Recherche et d&rsquo;Innovation, et nous savons s\u00e9lectionner pour vous les bonnes briques logicielles et mat\u00e9rielles qui apportent une solution durable \u00e0 votre besoin. [&hellip;]<\/p>\n","protected":false},"author":1,"featured_media":0,"parent":0,"menu_order":0,"comment_status":"closed","ping_status":"closed","template":"","meta":{"_coblocks_attr":"","_coblocks_dimensions":"","_coblocks_responsive_height":"","_coblocks_accordion_ie_support":"","_uag_custom_page_level_css":"","_monsterinsights_skip_tracking":false,"_monsterinsights_sitenote_active":false,"_monsterinsights_sitenote_note":"","_monsterinsights_sitenote_category":0,"site-sidebar-layout":"no-sidebar","site-content-layout":"page-builder","ast-site-content-layout":"default","site-content-style":"default","site-sidebar-style":"default","ast-global-header-display":"","ast-banner-title-visibility":"","ast-main-header-display":"","ast-hfb-above-header-display":"","ast-hfb-below-header-display":"","ast-hfb-mobile-header-display":"","site-post-title":"disabled","ast-breadcrumbs-content":"","ast-featured-img":"disabled","footer-sml-layout":"","ast-disable-related-posts":"","theme-transparent-header-meta":"","adv-header-id-meta":"","stick-header-meta":"","header-above-stick-meta":"","header-main-stick-meta":"","header-below-stick-meta":"","astra-migrate-meta-layouts":"default","ast-page-background-enabled":"default","ast-page-background-meta":{"desktop":{"background-color":"","background-image":"","background-repeat":"repeat","background-position":"center center","background-size":"auto","background-attachment":"scroll","background-type":"","background-media":"","overlay-type":"","overlay-color":"","overlay-opacity":"","overlay-gradient":""},"tablet":{"background-color":"","background-image":"","background-repeat":"repeat","background-position":"center center","background-size":"auto","background-attachment":"scroll","background-type":"","background-media":"","overlay-type":"","overlay-color":"","overlay-opacity":"","overlay-gradient":""},"mobile":{"background-color":"","background-image":"","background-repeat":"repeat","background-position":"center center","background-size":"auto","background-attachment":"scroll","background-type":"","background-media":"","overlay-type":"","overlay-color":"","overlay-opacity":"","overlay-gradient":""}},"ast-content-background-meta":{"desktop":{"background-color":"var(--ast-global-color-5)","background-image":"","background-repeat":"repeat","background-position":"center center","background-size":"auto","background-attachment":"scroll","background-type":"","background-media":"","overlay-type":"","overlay-color":"","overlay-opacity":"","overlay-gradient":""},"tablet":{"background-color":"var(--ast-global-color-5)","background-image":"","background-repeat":"repeat","background-position":"center center","background-size":"auto","background-attachment":"scroll","background-type":"","background-media":"","overlay-type":"","overlay-color":"","overlay-opacity":"","overlay-gradient":""},"mobile":{"background-color":"var(--ast-global-color-5)","background-image":"","background-repeat":"repeat","background-position":"center center","background-size":"auto","background-attachment":"scroll","background-type":"","background-media":"","overlay-type":"","overlay-color":"","overlay-opacity":"","overlay-gradient":""}},"footnotes":""},"class_list":["post-808","page","type-page","status-publish","hentry"],"uagb_featured_image_src":{"full":false,"thumbnail":false,"medium":false,"medium_large":false,"large":false,"1536x1536":false,"2048x2048":false,"trp-custom-language-flag":false},"uagb_author_info":{"display_name":"anouar","author_link":"https:\/\/archimedean.fr\/en\/author\/anouar\/"},"uagb_comment_info":0,"uagb_excerpt":"Savoir-faire Archimedean est votre partenaire id\u00e9al si vous avez un besoin d&rsquo;ing\u00e9nierie Syst\u00e8me et M\u00e9thode, ou si vous avez probl\u00e8me technique complexe \u00e0 r\u00e9soudre. Nous int\u00e9grons les derni\u00e8res avanc\u00e9es en mati\u00e8re de Recherche et d&rsquo;Innovation, et nous savons s\u00e9lectionner pour vous les bonnes briques logicielles et mat\u00e9rielles qui apportent une solution durable \u00e0 votre besoin.&hellip;","_links":{"self":[{"href":"https:\/\/archimedean.fr\/en\/wp-json\/wp\/v2\/pages\/808","targetHints":{"allow":["GET"]}}],"collection":[{"href":"https:\/\/archimedean.fr\/en\/wp-json\/wp\/v2\/pages"}],"about":[{"href":"https:\/\/archimedean.fr\/en\/wp-json\/wp\/v2\/types\/page"}],"author":[{"embeddable":true,"href":"https:\/\/archimedean.fr\/en\/wp-json\/wp\/v2\/users\/1"}],"replies":[{"embeddable":true,"href":"https:\/\/archimedean.fr\/en\/wp-json\/wp\/v2\/comments?post=808"}],"version-history":[{"count":39,"href":"https:\/\/archimedean.fr\/en\/wp-json\/wp\/v2\/pages\/808\/revisions"}],"predecessor-version":[{"id":1132,"href":"https:\/\/archimedean.fr\/en\/wp-json\/wp\/v2\/pages\/808\/revisions\/1132"}],"wp:attachment":[{"href":"https:\/\/archimedean.fr\/en\/wp-json\/wp\/v2\/media?parent=808"}],"curies":[{"name":"wp","href":"https:\/\/api.w.org\/{rel}","templated":true}]}}