{"id":806,"date":"2017-08-01T12:13:15","date_gmt":"2017-08-01T12:13:15","guid":{"rendered":"https:\/\/archimedean.fr\/home\/"},"modified":"2023-08-14T09:28:47","modified_gmt":"2023-08-14T09:28:47","slug":"home","status":"publish","type":"page","link":"https:\/\/archimedean.fr\/en\/","title":{"rendered":"Archimedean"},"content":{"rendered":"<h5>\n\t\t\t\t\tBienvenue chez Archimedean, nous sommes d\u00e9di\u00e9s \u00e0 l&rsquo;ing\u00e9nierie et \u00e0 l&rsquo;innovation\n\t\t\t\t<\/h5>\n\t<h1>\n\t\t\t\t\tC&rsquo;est g\u00e9nial d&rsquo;avoir un partenaire qui transforme vos id\u00e9es en produits !\n\t\t\t\t<\/h1>\n\t<ul>\n\t\t<li><a href=\"https:\/\/archimedean.fr\/en\/contact\/\" target=\"_self\" rel=\"noopener\"><\/a>\t\t\n\t\t\t\t<img decoding=\"async\" src=\"https:\/\/archimedean.fr\/wp-content\/uploads\/2022\/12\/appointment.png\" alt=\"appointment\" itemprop=\"image\">\n\t\t<h2>Get in touch<\/h2><p>Write to us or schedule a meeting<\/p><\/li>\t<\/ul>\n\t<h5>\n\t\t\t\t\tEngineers and Experts in Intelligent System Design\n\t\t\t\t<\/h5>\n\t<h2>\n\t\t\t\t\tYou've Come To The Right Place\n\t\t\t\t<\/h2>\n\t\t\t<p>Chez Archimedean, nous ne cherchons pas de solution sans couvrir d&rsquo;abord toutes les facettes du probl\u00e8me auxquels nous sommes confront\u00e9s. Pour ce faire, nous sommes qualifi\u00e9s : nous avons une solide compr\u00e9hension des math\u00e9matiques et de la<strong> theory <\/strong>of the systems we work on, and we have good sense of <strong>le sens de l&rsquo;intuition et la capacit\u00e9 d&rsquo;observation<\/strong>. Nous croyons que ces trois \u00e9l\u00e9ments sont des facteurs d\u00e9terminants dans la r\u00e9ussite de tout projet d&rsquo;innovation.<\/p>\n&nbsp;\n\t<ul>\n\t\t<li>\t\t\t\t\n\t\t<h5>Problem Solving Mindset<\/h5><p>We ask and answer the \"Why ?\" questions to have a clear and complete in-depth understanding of the situation.<\/p><\/li>\t<\/ul>\n\t<ul>\n\t\t<li>\t\t\t\t\n\t\t<h5>Product development in start-up mode with a vision of the long run<\/h5><p>L&rsquo;\u00e9quilibre entre le d\u00e9lai de mise sur le march\u00e9 et la qualit\u00e9 du produit : faire mieux, et le faire vite.<\/p><\/li>\t<\/ul>\n\t\t\t\t<img decoding=\"async\" src=\"https:\/\/archimedean.fr\/wp-content\/uploads\/2022\/12\/archimedean-robotics-and-sensors-precision.jpg\" alt=\"Man,Is,Programming,Robotic,Arm,With,Control,Panel,Which,Is\" itemprop=\"image\">\n\t<p>Archimedean est votre partenaire id\u00e9al si vous avez un besoin d&rsquo;ing\u00e9nierie Syst\u00e8me et M\u00e9thode, ou si vous avez probl\u00e8me technique complexe \u00e0 r\u00e9soudre. Nous int\u00e9grons les derni\u00e8res avanc\u00e9es en mati\u00e8re de Recherche et d&rsquo;Innovation, et nous savons s\u00e9lectionner pour vous les bonnes briques logicielles et mat\u00e9rielles qui apportent une solution durable \u00e0 votre besoin.<\/p>\n\t<h4>\n\t\t\t\t\tOur Specialties\n\t\t\t\t<\/h4>\n\t<ul>\n\t\t<li>\t\t\t\t\n\t\t<h5>Mathematics and cognitive computing<\/h5><\/li><li>\t\t\t\t\n\t\t<h5>Robot vision and photogrammetry<\/h5><\/li><li>\t\t\t\t\n\t\t<h5>Robotics, sensors and metrology<\/h5><\/li><li>\t\t\t\t\n\t\t<h5>Automatic control engineering<\/h5><\/li>\t<\/ul>\n\t<h5>\n\t\t\t\t\tLe coin de l&rsquo;ing\u00e9nierie syst\u00e8me\n\t\t\t\t<\/h5>\n\t<h2>\n\t\t\t\t\tDomaines d&rsquo;expertise\n\t\t\t\t<\/h2>\n\t<ul>\n\t\t<li><a href=\"https:\/\/archimedean.fr\/en\/know-how\/#intelligent-system-design\" target=\"_self\" rel=\"noopener\"><\/a>\t\t\n\t\t\t\t<img decoding=\"async\" src=\"https:\/\/archimedean.fr\/wp-content\/uploads\/2022\/12\/archimedean-smart-system-design.png\" alt=\"archimedean - smart system design\" itemprop=\"image\">\n\t\t<h4>Smart-System Design<\/h4><p>Conceptualisation (architectures fonctionnelle, logique, physique, mod\u00e8les de donn\u00e9es, sp\u00e9cifications du logiciel et du mat\u00e9riel) et prototypage de syst\u00e8mes d&rsquo;IA et de Robotique.<\/p><\/li><li><a href=\"https:\/\/archimedean.fr\/en\/know-how\/#navigation-systems\" target=\"_self\" rel=\"noopener\"><\/a>\t\t\n\t\t\t\t<img decoding=\"async\" src=\"https:\/\/archimedean.fr\/wp-content\/uploads\/2022\/12\/archimedean-navigation-systems-1.png\" alt=\"archimedean - navigation systems\" itemprop=\"image\">\n\t\t<h4>Navigation &amp; ses syst\u00e8mes d&rsquo;information<\/h4><p>D\u00e9veloppement de syst\u00e8mes de navigation par capteurs (GNSS, IMUs, radar, lidar, ultrason, etc.) en int\u00e9rieur ou en ext\u00e9rieur fournissant la (g\u00e9o)-localisation de mobiles (robots, v\u00e9hicules,&#8230;); la cartographie des lieux;&nbsp; les conditions de trafic; etc.&nbsp;<\/p><\/li><li><a href=\"https:\/\/archimedean.fr\/en\/know-how\/#sensors-and-robotics-precision-metrology\" target=\"_self\" rel=\"noopener\"><\/a>\t\t\n\t\t\t\t<img decoding=\"async\" src=\"https:\/\/archimedean.fr\/wp-content\/uploads\/2022\/12\/archimedean-sensors-robotics-precision.png\" alt=\"archimedean - sensors robotics - precision\" itemprop=\"image\">\n\t\t<h4>Sensor &amp; Robotics Precision<\/h4><p>Am\u00e9lioration de la performance (pr\u00e9cision, stabilit\u00e9, temps de r\u00e9ponse, etc.) des capteurs, des actionneurs et&nbsp;des syst\u00e8mes contr\u00f4le-commande.<\/p><\/li><li><a href=\"https:\/\/archimedean.fr\/en\/know-how\/#sensors-and-robotics-precision-metrology\" target=\"_self\" rel=\"noopener\"><\/a>\t\t\n\t\t\t\t<img decoding=\"async\" src=\"https:\/\/archimedean.fr\/wp-content\/uploads\/2022\/12\/archimedean-metrology-instrumentation-.png\" alt=\"archimedean - metrology - instrumentation -\" itemprop=\"image\">\n\t\t<h4>Instrumentation &amp; m\u00e9trologie<\/h4><p>\u00c9talonnage des instruments et des syst\u00e8mes de mesure; estimations des biais de ces syst\u00e8mes (offset, d\u00e9rive temporelle, effets extrins\u00e8ques m\u00e9canique ou thermodynamique: acc\u00e9l\u00e9rations, temp\u00e9rature, pression, etc.); le r\u00e9glage des seuils de tol\u00e9rance selon l&rsquo;application.<\/p><\/li>\t<\/ul>\n\t<ul>\n\t\t<li><a href=\"https:\/\/archimedean.fr\/en\/know-how\/#navigation-systems\" target=\"_self\" rel=\"noopener\"><\/a>\t\t\n\t\t\t\t<img decoding=\"async\" src=\"https:\/\/archimedean.fr\/wp-content\/uploads\/2022\/12\/archimedean-photogrammetry.png\" alt=\"archimedean - photogrammetry\" itemprop=\"image\">\n\t\t<h4>Mapping \/ Localization<\/h4><p>Syst\u00e8me de reconstruction des cartographies 3D (\u00e0 nuage de points) et des cartographie 2D (\u00e0 base de graphe d&rsquo;environnement n\u0153uds \/ arcs) avec la possibilit\u00e9 d&rsquo;int\u00e9gration d&rsquo;une fonction d&rsquo;\u00e9go-localisation.<\/p><\/li><li><a href=\"https:\/\/archimedean.fr\/en\/know-how\/#robotic-vision-and-photogrammetry\" target=\"_self\" rel=\"noopener\"><\/a>\t\t\n\t\t\t\t<img decoding=\"async\" src=\"https:\/\/archimedean.fr\/wp-content\/uploads\/2022\/12\/archimedean-photogrammetry-.png\" alt=\"archimedean - photogrammetry -\" itemprop=\"image\">\n\t\t<h4>Photogrammetry<\/h4><p>D\u00e9veloppement de syst\u00e8mes de mesure d&rsquo;information quantitative \u00e0 partir de l&rsquo;imagerie (mono, st\u00e9r\u00e9o ou multi-vue); triangulation et calcul des distances, et de la profondeur; reconstruction de mod\u00e8les 3D; localisation des objets; l&rsquo;ajout d&rsquo;objets 3D virtuels \u00e0 l&rsquo;environnement (r\u00e9alit\u00e9 augment\u00e9e).<\/p><\/li><li><a href=\"https:\/\/archimedean.fr\/en\/know-how\/#robotic-vision-and-photogrammetry\" target=\"_self\" rel=\"noopener\"><\/a>\t\t\n\t\t\t\t<img decoding=\"async\" src=\"https:\/\/archimedean.fr\/wp-content\/uploads\/2022\/12\/archimedean-robotic-vision.png\" alt=\"archimedean - robotic vision\" itemprop=\"image\">\n\t\t<h4>Robot Vision<\/h4><p>Fournir aux robots le mat\u00e9riel et le logiciel appropri\u00e9 pour augmenter leurs capacit\u00e9s de traitement des donn\u00e9es visuelles et d&rsquo;interaction avec l&rsquo;environnement.<\/p><\/li><li><a href=\"https:\/\/archimedean.fr\/en\/know-how\/#maths-machine-learning-cognitive-computing\" target=\"_self\" rel=\"noopener\"><\/a>\t\t\n\t\t\t\t<img decoding=\"async\" src=\"https:\/\/archimedean.fr\/wp-content\/uploads\/2022\/12\/archimedean-machine-learning-and-cognitive-computing-2.png\" alt=\"archimedean - machine learning and cognitive computing - 2\" itemprop=\"image\">\n\t\t<h4>Robot Learning<\/h4><p>Apprendre aux robots comment accomplir des t\u00e2ches sp\u00e9cifiques gr\u00e2ce \u00e0 l&rsquo;intelligence artificielle, \u00e0 l&rsquo;apprentissage par renforcement et par d\u00e9monstration.<\/p><\/li>\t<\/ul>\n\t\t\t<a href=\"https:\/\/archimedean.fr\/en\/know-how\/\" target=\"_self\" role=\"button\" rel=\"noopener\">\n\t\t\t\t\t\tMore Areas Of Expertise\n\t\t<\/a>\n\t<h5>\n\t\t\t\t\tYou have questions, and you care to know more ?\n\t\t\t\t<\/h5>\n\t<h2>\n\t\t\t\t\tWrite to us or schedule a meeting\n\t\t\t\t<\/h2>\n\t\t\t<a href=\"https:\/\/archimedean.fr\/en\/contact\/\" target=\"_self\" role=\"button\" rel=\"noopener\">\n\t\t\t\t\t\tGet in touch\n\t\t<\/a>\n\t\t\t\t<img decoding=\"async\" src=\"https:\/\/archimedean.fr\/wp-content\/uploads\/2022\/12\/AdobeStock_348341164.jpeg\" alt=\"AdobeStock_348341164\" itemprop=\"image\">\n\t\t\t\t<img decoding=\"async\" src=\"https:\/\/archimedean.fr\/wp-content\/uploads\/2022\/12\/AdobeStock_309481630-2.jpeg\" alt=\"Hand drawing low Cost high Value matrix graph business concept with white chalk on blackboard.\" itemprop=\"image\">\n\t\t\t\t<img decoding=\"async\" src=\"https:\/\/archimedean.fr\/wp-content\/uploads\/2022\/12\/happy-and-confident-engineer-1.jpeg\" alt=\"Smiling young Asian businessman standing next to a table while working alone in a large modern office\" itemprop=\"image\">\n\t<h5>\n\t\t\t\t\tEngineers and Experts in Intelligent System Design\n\t\t\t\t<\/h5>\n\t<h2>\n\t\t\t\t\tWhy Choose Our Firm ?\n\t\t\t\t<\/h2>\n\t<ul>\n\t\t<li>\t\t\t\t\n\t\t<h3>The client and us work as one<\/h3><p>Pas de retard ni de goulots d&rsquo;\u00e9tranglement ; la proximit\u00e9 et la communication constante, et en toute transparence, sur l&rsquo;\u00e9volution du projet.<\/p><\/li><li>\t\t\t\t\n\t\t<h3>Success is our guide<\/h3><p>Nous mettons tout en \u0153uvre pour r\u00e9ussir nos projets. Nous ne baissons pas les bras face aux difficult\u00e9s. La planification r\u00e9fl\u00e9chie, l&rsquo;apprentissage, la correction, la r\u00e9adaptation rapide, et la pers\u00e9v\u00e9rance sont nos atouts pour surmonter les d\u00e9fis et r\u00e9aliser les objectifs.<\/p><\/li><li>\t\t\t\t\n\t\t<h3>We are transparent on costs and prices<\/h3><p>Our budgetary policy in terms of resources and expenditures is transparent.<\/p><\/li>\t<\/ul>","protected":false},"excerpt":{"rendered":"<p>Bienvenue chez Archimedean, nous sommes d\u00e9di\u00e9s \u00e0 l&rsquo;ing\u00e9nierie et \u00e0 l&rsquo;innovation C&rsquo;est g\u00e9nial d&rsquo;avoir un partenaire qui transforme vos id\u00e9es en produits ! Contactez-nous \u00c9crivez-nous ou prenez rendez-vous directement dans notre calendrier. Ing\u00e9nieurs et experts en ing\u00e9nierie syst\u00e8me Vous \u00eates au bon endroit Chez Archimedean, nous ne cherchons pas de solution sans couvrir d&rsquo;abord toutes [&hellip;]<\/p>\n","protected":false},"author":1,"featured_media":0,"parent":0,"menu_order":0,"comment_status":"closed","ping_status":"closed","template":"","meta":{"_coblocks_attr":"","_coblocks_dimensions":"","_coblocks_responsive_height":"","_coblocks_accordion_ie_support":"","_uag_custom_page_level_css":"","_monsterinsights_skip_tracking":false,"_monsterinsights_sitenote_active":false,"_monsterinsights_sitenote_note":"","_monsterinsights_sitenote_category":0,"site-sidebar-layout":"no-sidebar","site-content-layout":"page-builder","ast-site-content-layout":"default","site-content-style":"default","site-sidebar-style":"default","ast-global-header-display":"","ast-banner-title-visibility":"","ast-main-header-display":"","ast-hfb-above-header-display":"","ast-hfb-below-header-display":"","ast-hfb-mobile-header-display":"","site-post-title":"disabled","ast-breadcrumbs-content":"","ast-featured-img":"disabled","footer-sml-layout":"","ast-disable-related-posts":"","theme-transparent-header-meta":"","adv-header-id-meta":"","stick-header-meta":"","header-above-stick-meta":"","header-main-stick-meta":"","header-below-stick-meta":"","astra-migrate-meta-layouts":"default","ast-page-background-enabled":"default","ast-page-background-meta":{"desktop":{"background-color":"","background-image":"","background-repeat":"repeat","background-position":"center center","background-size":"auto","background-attachment":"scroll","background-type":"","background-media":"","overlay-type":"","overlay-color":"","overlay-opacity":"","overlay-gradient":""},"tablet":{"background-color":"","background-image":"","background-repeat":"repeat","background-position":"center center","background-size":"auto","background-attachment":"scroll","background-type":"","background-media":"","overlay-type":"","overlay-color":"","overlay-opacity":"","overlay-gradient":""},"mobile":{"background-color":"","background-image":"","background-repeat":"repeat","background-position":"center center","background-size":"auto","background-attachment":"scroll","background-type":"","background-media":"","overlay-type":"","overlay-color":"","overlay-opacity":"","overlay-gradient":""}},"ast-content-background-meta":{"desktop":{"background-color":"var(--ast-global-color-5)","background-image":"","background-repeat":"repeat","background-position":"center center","background-size":"auto","background-attachment":"scroll","background-type":"","background-media":"","overlay-type":"","overlay-color":"","overlay-opacity":"","overlay-gradient":""},"tablet":{"background-color":"var(--ast-global-color-5)","background-image":"","background-repeat":"repeat","background-position":"center center","background-size":"auto","background-attachment":"scroll","background-type":"","background-media":"","overlay-type":"","overlay-color":"","overlay-opacity":"","overlay-gradient":""},"mobile":{"background-color":"var(--ast-global-color-5)","background-image":"","background-repeat":"repeat","background-position":"center center","background-size":"auto","background-attachment":"scroll","background-type":"","background-media":"","overlay-type":"","overlay-color":"","overlay-opacity":"","overlay-gradient":""}},"footnotes":""},"class_list":["post-806","page","type-page","status-publish","hentry"],"uagb_featured_image_src":{"full":false,"thumbnail":false,"medium":false,"medium_large":false,"large":false,"1536x1536":false,"2048x2048":false,"trp-custom-language-flag":false},"uagb_author_info":{"display_name":"anouar","author_link":"https:\/\/archimedean.fr\/en\/author\/anouar\/"},"uagb_comment_info":0,"uagb_excerpt":"Bienvenue chez Archimedean, nous sommes d\u00e9di\u00e9s \u00e0 l&rsquo;ing\u00e9nierie et \u00e0 l&rsquo;innovation C&rsquo;est g\u00e9nial d&rsquo;avoir un partenaire qui transforme vos id\u00e9es en produits ! Contactez-nous \u00c9crivez-nous ou prenez rendez-vous directement dans notre calendrier. Ing\u00e9nieurs et experts en ing\u00e9nierie syst\u00e8me Vous \u00eates au bon endroit Chez Archimedean, nous ne cherchons pas de solution sans couvrir d&rsquo;abord toutes&hellip;","_links":{"self":[{"href":"https:\/\/archimedean.fr\/en\/wp-json\/wp\/v2\/pages\/806","targetHints":{"allow":["GET"]}}],"collection":[{"href":"https:\/\/archimedean.fr\/en\/wp-json\/wp\/v2\/pages"}],"about":[{"href":"https:\/\/archimedean.fr\/en\/wp-json\/wp\/v2\/types\/page"}],"author":[{"embeddable":true,"href":"https:\/\/archimedean.fr\/en\/wp-json\/wp\/v2\/users\/1"}],"replies":[{"embeddable":true,"href":"https:\/\/archimedean.fr\/en\/wp-json\/wp\/v2\/comments?post=806"}],"version-history":[{"count":59,"href":"https:\/\/archimedean.fr\/en\/wp-json\/wp\/v2\/pages\/806\/revisions"}],"predecessor-version":[{"id":1138,"href":"https:\/\/archimedean.fr\/en\/wp-json\/wp\/v2\/pages\/806\/revisions\/1138"}],"wp:attachment":[{"href":"https:\/\/archimedean.fr\/en\/wp-json\/wp\/v2\/media?parent=806"}],"curies":[{"name":"wp","href":"https:\/\/api.w.org\/{rel}","templated":true}]}}