{"id":20,"date":"2022-12-01T12:05:27","date_gmt":"2022-12-01T12:05:27","guid":{"rendered":"https:\/\/archimedean.fr\/?page_id=20"},"modified":"2023-07-24T15:10:23","modified_gmt":"2023-07-24T15:10:23","slug":"use-cases","status":"publish","type":"page","link":"https:\/\/archimedean.fr\/en\/use-cases\/","title":{"rendered":"use cases"},"content":{"rendered":"<h1>\n\t\t\t\t\tIndustrial applications\n\t\t\t\t<\/h1>\n<h4>\n\t\tADAS &#038; GESTION DU TRAFIC\n\t<\/h4>\n<h2>\n\t\tConduite autonome et syst\u00e8mes d&rsquo;aide \u00e0 la conduite pour les voitures, les bus et les trains\n\t<\/h2>\n\t<ul>\n\t\t<li>\t\t\t\t\n\t\t<h5>Cartes denses 3D et reconstruction de l&rsquo;environnement virtuel<\/h5><\/li><li>\t\t\t\t\n\t\t<h5>Planification d&rsquo;itin\u00e9raire<\/h5><\/li><li>\t\t\t\t\n\t\t<h5>Ride comfort<\/h5><\/li><li>\t\t\t\t\n\t\t<h5>Intelligent transportation system<\/h5><\/li><li>\t\t\t\t\n\t\t<h5>D\u00e9tection et reconnaissance d&rsquo;objets \/ personnes<\/h5><\/li><li>\t\t\t\t\n\t\t<h5>Navigation system<\/h5><\/li><li>\t\t\t\t\n\t\t<h5>Syst\u00e8me intelligent d&rsquo;information aux voyageurs<\/h5><\/li><li>\t\t\t\t\n\t\t<h5>System calibration<\/h5><\/li><li>\t\t\t\t\n\t\t<h5>Validation de la performance des syst\u00e8mes d&rsquo;assistance \u00e0 la conduite et de gestion du trafic<\/h5><\/li>\t<\/ul>\n\t\t\t\t<img loading=\"lazy\" decoding=\"async\" src=\"https:\/\/archimedean.fr\/wp-content\/uploads\/2022\/12\/archimedean-use-case-ADAS.jpg\" alt=\"archimedean - use case - ADAS\" itemprop=\"image\" height=\"491\" width=\"850\" title=\"archimedean - use case - ADAS\" onerror=\"this.style.display='none'\"  \/>\n\t\t\t\t<img loading=\"lazy\" decoding=\"async\" src=\"https:\/\/archimedean.fr\/wp-content\/uploads\/2022\/12\/archimedean-use-case-warehouse-robotics-2.jpg\" alt=\"The,Robot,Arm,Picks,Up,The,Box,To,Agv.,3d\" itemprop=\"image\" height=\"450\" width=\"630\" title=\"The,Robot,Arm,Picks,Up,The,Box,To,Agv.,3d\" onerror=\"this.style.display='none'\"  \/>\n<h4>\n\t\tWAREHOUSING &amp; STORAGE\n\t<\/h4>\n<h2>\n\t\tRobotique d&rsquo;entrep\u00f4t\n\t<\/h2>\n\t<ul>\n\t\t<li>\t\t\t\t\n\t\t<h5>Autonomeous mobile robots (AMRs)<\/h5><\/li><li>\t\t\t\t\n\t\t<h5>Autonomeous guided vehicles (AGVs)<\/h5><\/li><li>\t\t\t\t\n\t\t<h5>Collaborative robots<\/h5><\/li><li>\t\t\t\t\n\t\t<h5>Robots d&#8217;emballage et de palettisation<\/h5><\/li><li>\t\t\t\t\n\t\t<h5>Order picking robots<\/h5><\/li><li>\t\t\t\t\n\t\t<h5>Self driving forklift<\/h5><\/li><li>\t\t\t\t\n\t\t<h5>Drones<\/h5><\/li>\t<\/ul>\n<h4>\n\t\tCOBOTS\n\t<\/h4>\n<h2>\n\t\tSmart robotic arms and industrial collaborative robots\n\t<\/h2>\n\t<ul>\n\t\t<li>\t\t\t\t\n\t\t<h5>Robots d&rsquo;automatisation de processus<\/h5><\/li><li>\t\t\t\t\n\t\t<h5>Machine tending robots<\/h5><\/li><li>\t\t\t\t\n\t\t<h5>Powered exoskeleton and augmented mobility<\/h5><\/li><li>\t\t\t\t\n\t\t<h5>Robots pick &#038; place <\/h5><\/li><li>\t\t\t\t\n\t\t<h5>Order picking robots<\/h5><\/li><li>\t\t\t\t\n\t\t<h5>Robots d&rsquo;exploration<\/h5><\/li><li>\t\t\t\t\n\t\t<h5>Cleaning robots<\/h5><\/li><li>\t\t\t\t\n\t\t<h5>Robots d&rsquo;inspection de la qualit\u00e9 et de la conformit\u00e9<\/h5><\/li>\t<\/ul>\n\t\t\t\t<img loading=\"lazy\" decoding=\"async\" src=\"https:\/\/archimedean.fr\/wp-content\/uploads\/2022\/12\/archimedean-use-case-cobots.jpg\" alt=\"Industrial,Technology,Concept.,Factory,Automation.,Smart,Factory.,Industry,4.0\" itemprop=\"image\" height=\"514\" width=\"917\" title=\"Industrial,Technology,Concept.,Factory,Automation.,Smart,Factory.,Industry,4.0\" onerror=\"this.style.display='none'\"  \/>\n\t<h5>\n\t\t\t\t\tYou have questions, and you care to know more ?\n\t\t\t\t<\/h5>\n\t<h2>\n\t\t\t\t\tWrite to us or schedule a meeting\n\t\t\t\t<\/h2>\n\t\t\t<a href=\"https:\/\/archimedean.fr\/en\/contact\/\" target=\"_self\" role=\"button\" rel=\"noopener\">\n\t\t\t\t\t\tGet in touch\n\t\t<\/a>\n\t\t\t\t<img loading=\"lazy\" decoding=\"async\" src=\"https:\/\/archimedean.fr\/wp-content\/uploads\/2022\/12\/archimedean-use-case-robot-assisted-surgery.jpg\" alt=\"Smart,Precision,Healthcare,Technology,,,Artificial,Intelligence,Concept.,Automation,Robot\" itemprop=\"image\" height=\"498\" width=\"748\" title=\"Smart,Precision,Healthcare,Technology,,,Artificial,Intelligence,Concept.,Automation,Robot\" onerror=\"this.style.display='none'\"  \/>\n<h4>\n\t\tMEDECINE\n\t<\/h4>\n<h2>\n\t\tRobot assisted surgery\n\t<\/h2>\n\t<ul>\n\t\t<li>\t\t\t\t\n\t\t<h5>Touchless interaction in surgical settings<\/h5><\/li><li>\t\t\t\t\n\t\t<h5>Accurate medical instrument tracking and safe interaction with tissue.<\/h5><\/li><li>\t\t\t\t\n\t\t<h5>Imagerie m\u00e9dicale: d\u00e9tection, classification, segmentation et recalage d&rsquo;images.<\/h5><\/li><li>\t\t\t\t\n\t\t<h5>Endoscopic navigation and depth estimation<\/h5><\/li><li>\t\t\t\t\n\t\t<h5>Shape, tissue, and surgical scene 3D reconstruction<\/h5><\/li><li>\t\t\t\t\n\t\t<h5>Projection of 3D models on organs (Augmented reality and holograms)<\/h5><\/li>\t<\/ul>\n<h4>\n\t\tMANUFACTURING CONTROL\n\t<\/h4>\n<h2>\n\t\tQuality inspection and non-conformities control robots\n\t<\/h2>\n\t<p>Automatic detection of defects such as cracks, stains, deformations, hints, dents and lack of material.<\/p>\n\t\t\t\t<img loading=\"lazy\" decoding=\"async\" src=\"https:\/\/archimedean.fr\/wp-content\/uploads\/2022\/12\/archimedean-use-case-quality-control.jpg\" alt=\"Robotic,Arm,With,3d,Scanner.,Automated,Scanning.\" itemprop=\"image\" height=\"457\" width=\"686\" title=\"Robotic,Arm,With,3d,Scanner.,Automated,Scanning.\" onerror=\"this.style.display='none'\"  \/>","protected":false},"excerpt":{"rendered":"<p>Applications industrielles ADAS &#038; GESTION DU TRAFIC Conduite autonome et syst\u00e8mes d&rsquo;aide \u00e0 la conduite pour les voitures, les bus et les trains Cartes denses 3D et reconstruction de l&rsquo;environnement virtuel Planification d&rsquo;itin\u00e9raire Confort de conduite et \u00e9coconduite Syst\u00e8me de transport intelligent D\u00e9tection et reconnaissance d&rsquo;objets \/ personnes Syst\u00e8me de navigation Syst\u00e8me intelligent d&rsquo;information aux [&hellip;]<\/p>\n","protected":false},"author":1,"featured_media":0,"parent":0,"menu_order":0,"comment_status":"closed","ping_status":"closed","template":"","meta":{"_coblocks_attr":"","_coblocks_dimensions":"","_coblocks_responsive_height":"","_coblocks_accordion_ie_support":"","_uag_custom_page_level_css":"","_monsterinsights_skip_tracking":false,"_monsterinsights_sitenote_active":false,"_monsterinsights_sitenote_note":"","_monsterinsights_sitenote_category":0,"site-sidebar-layout":"no-sidebar","site-content-layout":"page-builder","ast-site-content-layout":"default","site-content-style":"default","site-sidebar-style":"default","ast-global-header-display":"","ast-banner-title-visibility":"","ast-main-header-display":"","ast-hfb-above-header-display":"","ast-hfb-below-header-display":"","ast-hfb-mobile-header-display":"","site-post-title":"disabled","ast-breadcrumbs-content":"","ast-featured-img":"disabled","footer-sml-layout":"","ast-disable-related-posts":"","theme-transparent-header-meta":"","adv-header-id-meta":"","stick-header-meta":"","header-above-stick-meta":"","header-main-stick-meta":"","header-below-stick-meta":"","astra-migrate-meta-layouts":"default","ast-page-background-enabled":"default","ast-page-background-meta":{"desktop":{"background-color":"","background-image":"","background-repeat":"repeat","background-position":"center center","background-size":"auto","background-attachment":"scroll","background-type":"","background-media":"","overlay-type":"","overlay-color":"","overlay-opacity":"","overlay-gradient":""},"tablet":{"background-color":"","background-image":"","background-repeat":"repeat","background-position":"center center","background-size":"auto","background-attachment":"scroll","background-type":"","background-media":"","overlay-type":"","overlay-color":"","overlay-opacity":"","overlay-gradient":""},"mobile":{"background-color":"","background-image":"","background-repeat":"repeat","background-position":"center center","background-size":"auto","background-attachment":"scroll","background-type":"","background-media":"","overlay-type":"","overlay-color":"","overlay-opacity":"","overlay-gradient":""}},"ast-content-background-meta":{"desktop":{"background-color":"var(--ast-global-color-5)","background-image":"","background-repeat":"repeat","background-position":"center center","background-size":"auto","background-attachment":"scroll","background-type":"","background-media":"","overlay-type":"","overlay-color":"","overlay-opacity":"","overlay-gradient":""},"tablet":{"background-color":"var(--ast-global-color-5)","background-image":"","background-repeat":"repeat","background-position":"center center","background-size":"auto","background-attachment":"scroll","background-type":"","background-media":"","overlay-type":"","overlay-color":"","overlay-opacity":"","overlay-gradient":""},"mobile":{"background-color":"var(--ast-global-color-5)","background-image":"","background-repeat":"repeat","background-position":"center center","background-size":"auto","background-attachment":"scroll","background-type":"","background-media":"","overlay-type":"","overlay-color":"","overlay-opacity":"","overlay-gradient":""}},"footnotes":""},"class_list":["post-20","page","type-page","status-publish","hentry"],"uagb_featured_image_src":{"full":false,"thumbnail":false,"medium":false,"medium_large":false,"large":false,"1536x1536":false,"2048x2048":false,"trp-custom-language-flag":false},"uagb_author_info":{"display_name":"anouar","author_link":"https:\/\/archimedean.fr\/en\/author\/anouar\/"},"uagb_comment_info":0,"uagb_excerpt":"Applications industrielles ADAS &#038; GESTION DU TRAFIC Conduite autonome et syst\u00e8mes d&rsquo;aide \u00e0 la conduite pour les voitures, les bus et les trains Cartes denses 3D et reconstruction de l&rsquo;environnement virtuel Planification d&rsquo;itin\u00e9raire Confort de conduite et \u00e9coconduite Syst\u00e8me de transport intelligent D\u00e9tection et reconnaissance d&rsquo;objets \/ personnes Syst\u00e8me de navigation Syst\u00e8me intelligent d&rsquo;information aux&hellip;","_links":{"self":[{"href":"https:\/\/archimedean.fr\/en\/wp-json\/wp\/v2\/pages\/20","targetHints":{"allow":["GET"]}}],"collection":[{"href":"https:\/\/archimedean.fr\/en\/wp-json\/wp\/v2\/pages"}],"about":[{"href":"https:\/\/archimedean.fr\/en\/wp-json\/wp\/v2\/types\/page"}],"author":[{"embeddable":true,"href":"https:\/\/archimedean.fr\/en\/wp-json\/wp\/v2\/users\/1"}],"replies":[{"embeddable":true,"href":"https:\/\/archimedean.fr\/en\/wp-json\/wp\/v2\/comments?post=20"}],"version-history":[{"count":14,"href":"https:\/\/archimedean.fr\/en\/wp-json\/wp\/v2\/pages\/20\/revisions"}],"predecessor-version":[{"id":1107,"href":"https:\/\/archimedean.fr\/en\/wp-json\/wp\/v2\/pages\/20\/revisions\/1107"}],"wp:attachment":[{"href":"https:\/\/archimedean.fr\/en\/wp-json\/wp\/v2\/media?parent=20"}],"curies":[{"name":"wp","href":"https:\/\/api.w.org\/{rel}","templated":true}]}}